{"id":4363,"date":"2010-06-10T14:31:31","date_gmt":"2010-06-10T11:31:31","guid":{"rendered":"https:\/\/kulturasindustrija.lv\/blogs\/about\/"},"modified":"2021-02-23T18:37:17","modified_gmt":"2021-02-23T15:37:17","slug":"kulturasindustrija-autora-sleja","status":"publish","type":"page","link":"https:\/\/kulturasindustrija.lv\/blogs\/kulturas-dizains\/kulturasindustrija-autora-sleja\/","title":{"rendered":"Satura rekl\u0101mas un dizainera pakalpojumi"},"content":{"rendered":"<table width=\"675\" border=\"0\" cellpadding=\"3\" style=\"margin-top:10px;\">\n<tbody>\n<tr>\n<td align=\"left\" valign=\"center\">\n<p style=\"text-align: justify;\"><span style=\"font-size: 11px;\"><a name=\"218\"><\/a>Par dz\u012bvi k\u0101 izj\u016btu p\u0101rmij\u0101m, \u0123ener\u0113jot domas un iem\u0101jojot arvien jaun\u0101s v\u0113sm\u0101s un p\u0101rv\u0113rt\u012bb\u0101s. Sazi\u0146a, vide un kult\u016bra- process ce\u013c\u0101 uz izj\u016bt\u0101m caur rad\u012b\u0161anu, verb\u0101lu un materi\u0101lu saskarsmi. Tas ir ar\u012b v\u0101rdojums- vibr\u0101cijas, kas iem\u0101jo liet\u0101s. T\u0101s nem\u0113dz pagaist, bet gan ce\u013co un dz\u012bvo p\u0101rmij\u0101s, t\u0101s iem\u0101jo form\u0101s, ko esam rad\u012bju\u0161i. T\u0101s uzrun\u0101 m\u016bs un sasaista ikdienu ar es\u012bbu.<\/span><\/p>\n<p style=\"text-align: justify;\"><span style=\"font-size: 11px;\"><!-- Facebook Badge START --><a href=\"https:\/\/www.facebook.com\/uldis.altens\/\" target=\"_blank\" rel=\"noopener noreferrer\"><img decoding=\"async\" style=\"border: 0px;margin-right:30px;\" src=\"http:\/\/badge.facebook.com\/badge\/100001125809203.465.1389697644.png\" alt=\"\"\/><\/a><!-- Facebook Badge END --><\/span><\/p>\n<p><strong>Uldis Altens:<\/strong> esmu <a href=\"https:\/\/dizainsinterjeram.eu\" title=\"Dizains interjeram, dizainera pakalpojumi un konsult\u0101cijas\" target=\"_blank\" rel=\"noopener noreferrer\"><u>dizainers<\/u><\/a> un br\u012b\u017eiem st\u0101stnieks ar satura rekl\u0101mas veidot\u0101ja pieredzi internet\u0101. Mana augst\u0101k\u0101 izgl\u012bt\u012bba ir dz\u012bve pati, no kuras \u0161piko pat eksperti un profesori. Mana sirdslieta ir rado\u0161as improviz\u0101cijas un <a href=\"http:\/\/latvianbardperformances.blogspot.com\/\" target=\"_blank\" rel=\"noopener noreferrer\"><u>muzik\u0101l\u0101 po\u0113zija<\/u><\/a>. Man piem\u012bt sp\u0113ja ieskat\u012bties cilv\u0113ka dv\u0113sel\u0113.<\/p>\n<div style=\"background-color:#daedba;border-radius: 8px;\">\n<p style=\"padding-top:20px;margin-right:20px;padding-bottom:20px;margin-left:20px;\">SARUNA AR M\u0100KSLINIEKU: &#8211; Sakiet, l\u016bdzu, vai par j\u016bsu uzst\u0101\u0161anos ir j\u0101maks\u0101? Ir t\u0101ds moments: mums ir ierobe\u017eots bud\u017eets.. faktiski liekas naudas nav&#8230;<br \/>\nKO ATBILD\u0112JA M\u0100KSLINIEKS: <a title=\" *Ja jau kult\u016bras iest\u0101\u017eu darbinieki un pas\u0101kumu r\u012bkot\u0101ji sa\u0146em atl\u012bdz\u012bbu par savu darbu, k\u0101p\u0113c tas attiec\u012bb\u0101 uz izpild\u012bt\u0101jm\u0101ksliniekiem reiz\u0113m tiek pasniegts tik p\u0101rdabiski savt\u012bgi, lai no \u0161\u0101das privil\u0113\u0123ijas atteiktos tie\u0161ie kult\u016bras nes\u0113ji? \" href=\"https:\/\/www.facebook.com\/dziesminieki\/photos\/pb.583482415149308.-2207520000.1465550249.\/632582606905955\/?type=3&amp;theater\" target=\"_blank\" rel=\"noopener noreferrer\"><span>uzzini \u0161eit \u00bb<\/span><\/a><\/p>\n<\/div>\n<\/td>\n<\/tr>\n<tr>\n<td colspan=\"3\" align=\"left\"><\/td>\n<\/tr>\n<\/tbody>\n<\/table>\n<p><a name=\"dizains\">&nbsp;<\/a><\/p>\n<p style=\"text-align: justify;\">\n<table style=\"height: 144px;\" width=\"675\" border=\"0\" cellpadding=\"3\">\n<tbody>\n<tr>\n<td><img loading=\"lazy\" decoding=\"async\" class=\"alignleft size-medium wp-image-5615\" style=\"margin-top: -18px;\" title=\"Satura rekl\u0101mas un dizainera pakalpojumi, dizains interjeram\" src=\"https:\/\/kulturasindustrija.lv\/blogs\/wp-content\/uploads\/2013\/02\/charade_lv-90-logo-gala.png\" alt=\"Uldis Altens. Satura rekl\u0101mas un dizainera pakalpojumi, konsult\u0101cijas interjera dizain\u0101 telpu labiek\u0101rto\u0161anai\" width=\"80\" height=\"300\"\/><\/td>\n<td width=\"50\"><\/td>\n<td align=\"left\" valign=\"center\"><span style=\"font-size: 11px;\"><span style=\"font-size: 11px;\"><br \/>\nMani interes\u0113 iesp\u0113jas veidot peln\u012btsp\u0113j\u012bgu profesion\u0101lo partner\u012bbu; iesp\u0113jams, ar\u012b k\u0101das rado\u0161\u0101s industrijas ietvaros vai kult\u016brv\u0113sturiska objekta p\u0101rvald\u0113, apsaimnieko\u0161an\u0101.<\/p>\n<p style=\"text-align: justify;\"><span style=\"font-size: 11px;\"><strong><span style=\"font-size: 11px;\"><span style=\"color: black;\">Dizains interjeram:<\/span><\/span><\/strong><\/span><\/p>\n<p><a title=\"Interjera dizainera konsult\u0101cijas telpu labiek\u0101rto\u0161an\u0101 \u00bb\" href=\"https:\/\/dizainsinterjeram.eu\"><img loading=\"lazy\" decoding=\"async\" src=\"https:\/\/kulturasindustrija.lv\/blogs\/wp-content\/uploads\/2012\/10\/playButton-150x150.png\" alt=\"Interjera dizainera konsult\u0101cijas telpu labiek\u0101rto\u0161an\u0101\" width=\"50\" height=\"50\" class=\"alignleft size-thumbnail wp-image-6470\" srcset=\"https:\/\/kulturasindustrija.lv\/blogs\/wp-content\/uploads\/2012\/10\/playButton-150x150.png 150w, https:\/\/kulturasindustrija.lv\/blogs\/wp-content\/uploads\/2012\/10\/playButton.png 244w\" sizes=\"auto, (max-width: 50px) 100vw, 50px\" \/><\/a>* vienk\u0101r\u0161i, eleganti un ar\u012b senatn\u012bgi interjera risin\u0101jumi;<br \/>\n<span style=\"font-size: 11px;\">* atbalsts noform\u0113\u0161anas darbos, vien\u012bbu atlas\u0113 un ori\u0123in\u0101lu lietu dizain\u0101;<\/span><br \/>\n<span style=\"font-size: 11px;\">* ton\u0101lie risin\u0101jumi un citas konsult\u0101cijas;<\/span><a name=\"221\"><\/a><\/p>\n<p style=\"text-align: justify;\"><strong><span style=\"color: gray;\">PLUSS:<\/span><\/strong> rekl\u0101mas kampa\u0146u apkalpo\u0161ana internet\u0101, web satura redakcija un dizains (vizu\u0101lie redaktori), darbs ar inform\u0101ciju preses rel\u012bz\u0113m un produktu apskatiem. V\u0113lies uztur\u0113t gaum\u012bgu satura apriti un piesaist\u012bt vair\u0101k apmekl\u0113t\u0101ju savai vietnei, blogam internet\u0101? Noalgo mani k\u0101 satura redaktoru vai izmanto att\u0101lin\u0101tos pakalpojumus: <span style=\"color: #99cc00;\"><a href=\"mailto:uldis.alt@gmail.com\" rel=\"nofollow\"><span style=\"color: #888888;\"><strong><span style=\"color: #99cc00;\">sazinies ar mani \u00bb<\/span><\/strong><\/span><\/a><\/span><\/p>\n<p style=\"text-align: justify;\">\n<p><\/span><\/span><\/td>\n<\/tr>\n<tr>\n<td colspan=\"3\" align=\"left\"><\/td>\n<\/tr>\n<\/tbody>\n<\/table>\n<p><strong> <\/strong><\/p>\n<p>&nbsp;<\/p>\n<div class=\"kultu-into-content-1\" id=\"kultu-2965687392\"><div style=\"margin-top: 10px;margin-right: -30px;margin-bottom: 10px;margin-left: 20px;float: right;width: 120px;height: 240px;\" id=\"kultu-484392717\"><script async src=\"\/\/pagead2.googlesyndication.com\/pagead\/js\/adsbygoogle.js?client=ca-pub-6504811688609745\" crossorigin=\"anonymous\"><\/script><ins class=\"adsbygoogle\" style=\"display:inline-block;width:120px;height:240px;\" \ndata-ad-client=\"ca-pub-6504811688609745\" \ndata-ad-slot=\"5551060195\"><\/ins> \n<script> \n(adsbygoogle = window.adsbygoogle || []).push({}); \n<\/script>\n<\/div><\/div><p style=\"text-align: justify;\">Preses rel\u012bze ir ne tikai faktu esence iepl\u0101notaj\u0101m noris\u0113m, bet taj\u0101 b\u016btu j\u0101uzr\u0101d\u0101s ar\u012b tiem individu\u0101l\u0101 \u0161arma momentiem, kas iecer\u0113tos pas\u0101kumus izce\u013c citu vid\u016b. Oper\u0113\u0161ana ar vienveid\u012bgu redz\u0113jumu vai standarta fr\u0101z\u0113m ar sam\u0101ksloti sak\u0101pin\u0101tu slav\u0113jumu sl\u0101p\u0113 un nokauj interesentu uzman\u012bbu, bet neordin\u0101ri skat\u012bjumi to atraisa. Un atceries- notikumus veido Tu, bet publicists ir k\u0101 gaismas operators, kas tos veiksm\u012bgi izgaismo.<\/p>\n<p>&nbsp;<br \/>\n<a name=\"publicitate\">&nbsp;<\/a><\/p>\n<table style=\"height: 144px;\" width=\"680\" border=\"0\" cellpadding=\"3\">\n<tbody>\n<tr>\n<td align=\"justify\" valign=\"center\" width=\"295\">\n<p style=\"text-align: center;\"><strong>Emocijas un dizains:<\/strong><\/p>\n<p>Dizains dz\u012bvesstilam- k\u0101 dizains interjer\u0101 atspogu\u013co un rezon\u0113 ar Tavu garast\u0101vokli, t\u0101 sv\u0101rst\u012bb\u0101m un dv\u0113seles st\u0101vok\u013cu mai\u0146\u0101m? Vai interjers sasauksies ar l\u012bdzcilv\u0113ku sadz\u012bvi taj\u0101 un d\u0101v\u0101s Tev iesp\u0113ju pilnv\u0113rt\u012bgiem p\u0101rdz\u012bvojumiem? Iesp\u0113jams, atbildes nojaut\u012bsi jau formul\u0113jot jaut\u0101jumu, bet ja ne, tad dizainera, <span style=\"font-size: 11px;\">kas oper\u0113 ar sp\u0113ju saskat\u012bt <\/span><span style=\"font-size: 11px;\"><span style=\"font-size: 11px;\">harmoniju un <\/span><\/span><span style=\"font-size: 11px;\">gaum\u012bgas sakar\u012bbas,<\/span> <a title=\"Konsult\u0101cijas nav tikai konkr\u0113tu risin\u0101jumu ieteikumi, bet ar\u012b uzvedin\u0101\u0161ana uz domu par vienu vai otru risin\u0101juma iesp\u0113ju, kur\u0101s gala l\u0113mumu pie\u0146em Tu\">konsult\u0101cija<\/a> var k\u013c\u016bt k\u0101 laba garantija tam, ka nek\u013c\u016bd\u012bsies: par izbraukumu uz objektu vid\u0113ji 50 EUR ; vai uzdod jaut\u0101jumu e-past\u0101.<\/p>\n<p style=\"text-align: justify;\"><span style=\"color: #99cc00;\"><a href=\"mailto:uldis.alt@gmail.com\" rel=\"nofollow\"><span style=\"color: #888888;\"><strong><span style=\"color: #99cc00;\">Sazinies ar mani \u00bb<\/span><\/strong><\/span><\/a><\/span><\/p>\n<\/td>\n<td width=\"50\"><\/td>\n<td align=\"justify\" valign=\"top\">\n<p style=\"text-align: center;\"><strong>Satura rekl\u0101ma:<\/strong><\/p>\n<p>Izveido\u0161u ori\u0123in\u0101lu publik\u0101ciju, pakalpojumu vai produktu apskatu p\u0113c iesniegtajiem materi\u0101liem; nepiecie\u0161am\u012bbas gad\u012bjum\u0101 sast\u0101d\u012b\u0161u ar\u012b preses rel\u012bzi. Ies\u016bti izejmateri\u0101lu, nor\u0101di v\u0113lmes un pajaut\u0101 p\u0113c cenas!<\/p>\n<p style=\"text-align: justify;\"><strong>Ne\u0161aubies:<\/strong> pievilc\u012bgs produkts, intuit\u012bvi uztverams un p\u0101rskat\u0101ms saturs m\u0101jaslapai ir pamatnosac\u012bjums tam, lai Tevi paman\u012btu ne tikai internet\u0101, bet ar to vien nepietiek, jo t\u012bmekl\u012b b\u016bsi k\u0101 adata siena kaudz\u0113. Ieg\u016bsti publicit\u0101ti, sadarb\u012bb\u0101 ar\u012b mani veidojot satura rekl\u0101mas kampa\u0146as internet\u0101!<\/p>\n<\/td>\n<\/tr>\n<tr>\n<td colspan=\"3\" align=\"justify\"><\/td>\n<\/tr>\n<\/tbody>\n<\/table>\n<div class=\"kultu-in-content-4\" style=\"text-align: center;\" id=\"kultu-3286904845\"><div style=\"margin-left: auto;margin-right: auto;text-align: center;\" id=\"kultu-1777172711\"><h2 style=\"text-align: left;\">K\u0101p\u0113c skat\u012bties filmas online &#8211; internet\u0101,- nevis kinote\u0101tr\u012b<\/h2>\n<p style=\"text-align: left;\"><span style=\"font-size: 22px;\">\ud83e\uddd0\u00a0 <\/span> <strong><a title=\"Kur skat\u012bties filmas internet\u0101 on TV online leg\u0101li, ar\u012b bezmaksas\" href=\"https:\/\/kulturasindustrija.lv\/filmas\/\" target=\"_blank\" rel=\"follow noopener noreferrer\">Kur skat\u012bties filmas<\/a> &#8211; proti, vai doties uz kinote\u0101tri, lai izv\u0113l\u0113to filmu noskat\u012btos tur, vai ar\u012b \u0161o filmu mekl\u0113t internet\u0101, lai to skat\u012btos k\u0101d\u0101 no online kinote\u0101triem, interneta TV vai filmu platform\u0101m tie\u0161saist\u0113? Pie tam, k\u0101p\u0113c skat\u012bties filmas internet\u0101, ja t\u0101s var noskat\u012bties kinote\u0101tros? T\u0101di jaut\u0101jumi var rasties ne vienam vien kino cien\u012bt\u0101jam pirms savas izv\u0113les par labu k\u0101dai no iesp\u0113j\u0101m. <\/strong><\/p>\n<p style=\"text-align: left;\">Lai nosv\u0113rtos par labu vienai vai otrai izv\u0113lei &#8211; skat\u012bties filmas internet\u0101 vai kl\u0101tien\u0113 Latvijas kinote\u0101tros,- izv\u0113rt\u0113sim m\u016bsu k\u0101 kino baud\u012bt\u0101ju priorit\u0101tes. Piem\u0113ram, vai ir v\u0113rts atk\u0101rtoti doties uz kinote\u0101tri, ja filma, ko v\u0113laties noskat\u012bties, ir jau k\u0101dreiz redz\u0113ta? Varb\u016bt filmu, ko v\u0113laties noskat\u012bties, ik pa laikam r\u0101da k\u0101d\u0101 no TV kan\u0101liem. Un t\u0101d\u0101 gad\u012bjum\u0101 \u0161o filmu reiz\u0113m varat skat\u012bties atk\u0101rtoti tie\u0161saist\u0113 TV, vai ar\u012b noskat\u012bties online TV arh\u012bv\u0101. Tom\u0113r, iesp\u0113jams, savu k\u0101 kino cien\u012bt\u0101ja baud\u012bjumu v\u0113laties pastiprin\u0101t ar iespaidiem, ko sp\u0113j sniegt vien\u012bgi lielie kinote\u0101tru ekr\u0101ni &#8211; it sevi\u0161\u0137i jau tad, ja ir runa par film\u0101m, kas balst\u012btas uz iespaid\u012bgiem kino kadriem. T\u0101das parasti m\u0113dz b\u016bt asa si\u017eeta filmas (piem\u0113ram, filmas par karu), trilleri un \u0161ausmenes, bet ne tikai &#8211; ar\u012b piedz\u012bvojumu filmas u.c.. Un t\u0101dos gad\u012bjumos visticam\u0101k izv\u0113le var\u0113tu nosv\u0113rties par labu tam, lai ar iespaidiem bag\u0101to filmu noskat\u012btos Latvijas kinote\u0101tros.<\/p>\n<p><center><script async src=\"https:\/\/pagead2.googlesyndication.com\/pagead\/js\/adsbygoogle.js?client=ca-pub-6504811688609745\"\n     crossorigin=\"anonymous\"><\/script><br \/>\n<ins class=\"adsbygoogle\"\n     style=\"display:block\"\n     data-ad-client=\"ca-pub-6504811688609745\"\n     data-ad-slot=\"4945843992\"\n     data-matched-content-ui-type=\"image_card_stacked\"\n     data-matched-content-rows-num=\"1\"\n     data-matched-content-columns-num=\"2\"\n     data-ad-format=\"autorelaxed\"><\/ins><br \/>\n<script>\n     (adsbygoogle = window.adsbygoogle || []).push({});\n<\/script><\/center><\/p>\n<p style=\"text-align: left;\">Kinote\u0101tra apmekl\u0113jums var b\u016bt ar\u012b k\u0101 laba izklaide ne tikai skatoties filmas vienam, bet ar\u012b kop\u0101 ar draugiem un randi\u0146\u0101 ar m\u012b\u013coto cilv\u0113ku &#8211; it sevi\u0161\u0137i jau tad, ja v\u0113laties izrauties no m\u0101jas rut\u012bnas, vai ar\u012b kino apmekl\u0113jums kalpo k\u0101 jaunas iepaz\u012b\u0161anas iemesls, piem\u0113ram, aklaj\u0101 randi\u0146\u0101.<\/p>\n<p style=\"text-align: left;\">Lai gan teju vai nekas nel\u012bdzin\u0101s kino baud\u012bjumam uz lielajiem ekr\u0101niem kinote\u0101tr\u012b kl\u0101tien\u0113, tom\u0113r reiz\u0113m citu ieteikt\u0101s popul\u0101r\u0101k\u0101s un pat jaun\u0101k\u0101s filmas ir v\u0113rts vispirms atrast k\u0101d\u0101 no filmu platform\u0101m internet\u0101, lai \u0161\u012bs filmas noskatoties kinote\u0101tr\u012b online, t\u0101 g\u016btu pirmos iespaidus. Pie tam, m\u016bsdienu m\u0101jas kinoz\u0101les izsmalcin\u0101tiem kino baud\u012bt\u0101jiem var\u0113tu b\u016bt k\u0101 priek\u0161roka tam, lai paliktu m\u0101j\u0101s skat\u012bties m\u0101kslas filmas m\u0101j\u012bg\u0101 gaisotn\u0113, \u0113rti iek\u0101rtojoties atp\u016btas kr\u0113sl\u0101. Nenoliedzami tie\u0161i diskr\u0113tums un m\u0101ju saj\u016bta var k\u013c\u016bt k\u0101 iz\u0161\u0137iro\u0161ais faktors tam, lai griba nosv\u0113rtos iecien\u012bt\u0101k\u0101s un jaun\u0101k\u0101s filmas skat\u012bties, paliekot m\u0101j\u0101s.<\/p>\n<p style=\"text-align: left;\"><img loading=\"lazy\" decoding=\"async\" class=\"alignleft size-thumbnail wp-image-11553\" style=\"margin-left: 10px;\" src=\"https:\/\/kulturasindustrija.lv\/blogs\/wp-content\/uploads\/2013\/07\/info_icon-poga.png\" alt=\"Kur skat\u012bties filmas internet\u0101 un k\u0101p\u0113c online kinote\u0101tr\u012b\" width=\"55\" height=\"55\" srcset=\"https:\/\/kulturasindustrija.lv\/blogs\/wp-content\/uploads\/2013\/07\/info_icon-poga.png 160w, https:\/\/kulturasindustrija.lv\/blogs\/wp-content\/uploads\/2013\/07\/info_icon-poga-150x150.png 150w\" sizes=\"auto, (max-width: 55px) 100vw, 55px\" \/>Uzzini, kuras no film\u0101m un k\u0101d\u0101 no interneta telev\u012bzijas platform\u0101m var skat\u012bties online bez maksas vai kop\u0101 ar TV abon\u0113\u0161anu, vai ar\u012b iznom\u0101t filmu nom\u0101: * <a class=\"w3-bar-item w3-button w3-hover-black\" title=\"Megogo kinote\u0101tris online * vieta, kur mekl\u0113t bezmaksas filmas internet\u0101\" href=\"https:\/\/kulturasindustrija.lv\/filmas\/\" rel=\"noopener noreferrer\">Megogo filmas \u00bb<\/a> * <a class=\"w3-bar-item w3-button w3-hover-black\" title=\"Go3 pied\u0101v\u0101 lab\u0101ko un izmekl\u0113t\u0101ko saturu, kas \u012bpa\u0161i un r\u016bp\u012bgi atlas\u012bts TV kan\u0101lu, seri\u0101lu un filmu m\u012b\u013cot\u0101jiem..\" href=\"https:\/\/kulturasindustrija.lv\/filmas\/\" rel=\"noopener noreferrer\">Go3 filmas \u00bb<\/a> * <a class=\"w3-bar-item w3-button w3-hover-black\" title=\"Tet+ cinema filmu noma internet\u0101, TV online un seri\u0101li\" href=\"https:\/\/kulturasindustrija.lv\/filmas\/\" rel=\"noopener noreferrer\">Tet cinema \u00bb<\/a><\/p>\n<\/div><\/div><div>\n<p style=\"text-align: right;\"><a href=\"https:\/\/kulturasindustrija.lv\/blogs\">Uz bloga titullapu.. <\/a><\/p>\n<p>&nbsp;<\/p>\n<\/div>\n<h4>Mekl\u0113ts un info atrasts p\u0113c atsl\u0113gv\u0101rdiem internet\u0101:<\/h4><ul><li><a href=\"https:\/\/kulturasindustrija.lv\/blogs\/kulturas-dizains\/kulturasindustrija-autora-sleja\/\" title=\"kulturasindustrija lv\">kulturasindustrija lv<\/a> (439)<\/li><\/ul><div class=\"kultu-after-content\" id=\"kultu-3497549714\"><div style=\"margin-top: 10px;margin-right: auto;margin-bottom: 20px;margin-left: auto;text-align: center;clear: both;\" id=\"kultu-366261447\"><div style=\"margin-left:-10px; background-color: #d4d7db;\"><center><\/p>\n<div align=\"center\">\n<script async src=\"https:\/\/pagead2.googlesyndication.com\/pagead\/js\/adsbygoogle.js\"><\/script><br \/>\n<ins class=\"adsbygoogle\"\n     style=\"display:block; text-align:center;\"\n     data-ad-layout=\"in-article\"\n     data-ad-format=\"fluid\"\n     data-ad-client=\"ca-pub-6504811688609745\"\n     data-ad-slot=\"9862696972\"><\/ins><br \/>\n<script>\n     (adsbygoogle = window.adsbygoogle || []).push({});\n<\/script><\/p>\n<\/div>\n<p><\/center><\/div>\n<p><\/p>\n<\/div><br style=\"clear: both; display: block; float: none;\"\/><\/div><div class=\"kultu-after-content-1\" id=\"kultu-2640547593\"><br \/>\n<h2><span style=\"font-size: 13.5px;\"><strong>Kino m\u0101kslas un kult\u016bras arheolo\u0123ija &#8216;2025<\/strong><\/span><\/h2>\n<div style=\"margin-left: -15px;text-align:right;\">\n<table>\n<tbody>\n<tr>\n<td>\n<h3>KINOTE\u0100TRIS ONLINE pied\u0101v\u0101 le\u0123end\u0101ras filmas<\/h3>\n<p style=\"text-align:left;\">Le\u0123end\u0101ras filmas internet\u0101 &#8211; skat\u012bties PSRS (Padomju) laik\u0101 rad\u012bt\u0101s Mosfi\u013cm m\u0101kslas filmas krievu valod\u0101 un ar subtitriem, leg\u0101li un ori\u0123in\u0101l\u0101 kvalit\u0101t\u0113 online kinote\u0101tr\u012b bez maksas: <a title=\"Kinote\u0101tris online - skat\u012bties internet\u0101 bez maksas le\u0123end\u0101ras Mosfi\u013cm padomju laiku m\u0101kslas filmas leg\u0101li\" rel=\"nofollow noopener noreferrer\" href=\"https:\/\/kulturasindustrija.lv\/filmas\/bezmaksas-pluss-abonements\/#gsc.tab=0&#038;gsc.q=Mosfi%C4%BCm%20filmas\" onclick=\"window.open('https:\/\/megogo.net\/lv\/collection\/mosfilm\/','_blank', 'toolbar=yes,scrollbars=yes,resizable=yes,top=50,left=50,width=1050,height=690');\nreturn true;\"><span style=\"color:green;font-weight:bold\">dv\u0113seliskais padomju kino drudzis \u00bb<\/span><\/a><\/p>\n<p><strong> <\/strong><\/p>\n<p><a title=\"Kinote\u0101tris online - skat\u012bties internet\u0101 bez maksas le\u0123end\u0101ras Mosfi\u013cm padomju laiku m\u0101kslas filmas\" rel=\"nofollow\" href=\"https:\/\/kulturasindustrija.lv\/filmas\/bezmaksas-pluss-abonements\/#gsc.tab=0&#038;gsc.q=Mosfi%C4%BCm%20filmas\" onclick=\"window.open('https:\/\/megogo.net\/lv\/collection\/mosfilm\/','_blank', 'toolbar=yes,scrollbars=yes,resizable=yes,top=50,left=50,width=1050,height=690');\nreturn true;\"><img decoding=\"async\" class=\"center\" \n height=\"85\" alt=\"Kinote\u0101tris online - skat\u012bties internet\u0101 bez maksas le\u0123end\u0101ras Mosfi\u013cm padomju laiku m\u0101kslas filmas leg\u0101li\" title=\"Kinote\u0101tris online - skat\u012bties internet\u0101 leg\u0101li bez maksas le\u0123end\u0101ras Mosfi\u013cm padomju laiku m\u0101kslas filmas\" src=\"https:\/\/kulturasindustrija.lv\/blogs\/wp-content\/uploads\/2016\/07\/poga-mosfilm.png\"\/><\/a><\/p>\n<p><strong> <\/strong><\/p>\n<p style=\"text-align:right;\">Mosfi\u013cm &#8211; t\u0101 ir viena no vec\u0101kaj\u0101m un liel\u0101kaj\u0101m kinostudij\u0101m biju\u0161aj\u0101 Padomju Savien\u012bb\u0101. Mosfi\u013cm kinostudija savas 90 gadu past\u0101v\u0113\u0161anas laik\u0101 ir produc\u0113jusi vair\u0101k k\u0101 2500 pilnmetr\u0101\u017eas filmas. \u0160obr\u012bd kinostudija Mosfi\u013cm ir ieguvusi kinokoncerna statusu, kas sp\u0113j produc\u0113t vair\u0101k k\u0101 simts filmas gad\u0101. Kinostudij\u0101 Mosfi\u013cm tiek film\u0113tas ikviena \u017eanra filmas. Liel\u0101kais vair\u0101kums Krievijas filmas, seri\u0101li u.c. kinoprodukcija tiek rad\u012bta tie\u0161i Mosfi\u013cm pasp\u0101rn\u0113<\/p>\n<p><strong> <\/strong><\/p>\n<p style=\"text-align:left;\"><img loading=\"lazy\" decoding=\"async\" class=\"alignleft size-full wp-image-11553\" style=\"margin-left: 10px;\" src=\"https:\/\/kulturasindustrija.lv\/blogs\/wp-content\/uploads\/2013\/07\/info_icon-poga.png\" alt=\"Filmas online un kult\u016bra * kino m\u0101ksla k\u0101 uz delnas\" width=\"55\" height=\"55\" srcset=\"https:\/\/kulturasindustrija.lv\/blogs\/wp-content\/uploads\/2013\/07\/info_icon-poga.png 160w, https:\/\/kulturasindustrija.lv\/blogs\/wp-content\/uploads\/2013\/07\/info_icon-poga-150x150.png 150w\" sizes=\"auto, (max-width: 55px) 100vw, 55px\" \/>Kinostudij\u0101 Mosfi\u013cm rad\u012bt\u0101s m\u0101kslas filmas daudzas iek\u013cautas ne tikai PSRS vai Krievijas, bet ar\u012b pasaules kino zelta fond\u0101.<\/p>\n<p><strong> <\/strong><br \/>\n<script async src=\"\/\/pagead2.googlesyndication.com\/pagead\/js\/adsbygoogle.js\"><\/script><br \/>\n<!-- Kulturasin-3 --><br \/>\n<ins class=\"adsbygoogle\"\n     style=\"display:inline-block;width:320px;height:100px\"\n     data-ad-client=\"ca-pub-6504811688609745\"\n     data-ad-slot=\"5782034990\"><\/ins><br \/>\n<script>\n(adsbygoogle = window.adsbygoogle || []).push({});\n<\/script>\n<\/td>\n<td width=\"30\"><\/td>\n<td width=\"330\">\n<div style=\"background-color: #d4d7db;\">\n<p><center>TAS VAR\u0112TU TEVI INTERES\u0112T<script async src=\"\/\/pagead2.googlesyndication.com\/pagead\/js\/adsbygoogle.js\"><\/script><br \/>\n<!-- kulturasin 300x600 --><br \/>\n<ins class=\"adsbygoogle\" style=\"display: inline-block; width: 300px; height: 600px;\" data-ad-client=\"ca-pub-6504811688609745\" data-ad-slot=\"3596964590\"><\/ins><br \/>\n<script>\n(adsbygoogle = window.adsbygoogle || []).push({});\n<\/script><\/center><\/p>\n<\/div>\n<\/td>\n<\/tr>\n<\/tbody>\n<\/table>\n<\/div>\n<\/div>","protected":false},"excerpt":{"rendered":"<p>Par dz\u012bvi k\u0101 izj\u016btu p\u0101rmij\u0101m, \u0123ener\u0113jot domas un iem\u0101jojot arvien jaun\u0101s v\u0113sm\u0101s un p\u0101rv\u0113rt\u012bb\u0101s. Sazi\u0146a, vide un kult\u016bra- process ce\u013c\u0101 uz izj\u016bt\u0101m caur rad\u012b\u0161anu, verb\u0101lu un materi\u0101lu saskarsmi. Tas ir ar\u012b v\u0101rdojums- vibr\u0101cijas, kas iem\u0101jo liet\u0101s. T\u0101s nem\u0113dz pagaist, bet gan ce\u013co un dz\u012bvo p\u0101rmij\u0101s, t\u0101s iem\u0101jo form\u0101s, ko esam rad\u012bju\u0161i. T\u0101s uzrun\u0101 m\u016bs un [&hellip;]<\/p>\n","protected":false},"author":2,"featured_media":0,"parent":10201,"menu_order":7,"comment_status":"closed","ping_status":"closed","template":"","meta":{"footnotes":""},"class_list":["post-4363","page","type-page","status-publish","hentry"],"aioseo_notices":[],"_links":{"self":[{"href":"https:\/\/kulturasindustrija.lv\/blogs\/wp-json\/wp\/v2\/pages\/4363","targetHints":{"allow":["GET"]}}],"collection":[{"href":"https:\/\/kulturasindustrija.lv\/blogs\/wp-json\/wp\/v2\/pages"}],"about":[{"href":"https:\/\/kulturasindustrija.lv\/blogs\/wp-json\/wp\/v2\/types\/page"}],"author":[{"embeddable":true,"href":"https:\/\/kulturasindustrija.lv\/blogs\/wp-json\/wp\/v2\/users\/2"}],"replies":[{"embeddable":true,"href":"https:\/\/kulturasindustrija.lv\/blogs\/wp-json\/wp\/v2\/comments?post=4363"}],"version-history":[{"count":0,"href":"https:\/\/kulturasindustrija.lv\/blogs\/wp-json\/wp\/v2\/pages\/4363\/revisions"}],"up":[{"embeddable":true,"href":"https:\/\/kulturasindustrija.lv\/blogs\/wp-json\/wp\/v2\/pages\/10201"}],"wp:attachment":[{"href":"https:\/\/kulturasindustrija.lv\/blogs\/wp-json\/wp\/v2\/media?parent=4363"}],"curies":[{"name":"wp","href":"https:\/\/api.w.org\/{rel}","templated":true}]}}