{"id":3095616,"date":"2017-05-24T16:51:46","date_gmt":"2017-05-24T13:51:46","guid":{"rendered":"https:\/\/kulturasindustrija.lv\/blogs\/?page_id=3095616"},"modified":"2023-02-02T18:55:02","modified_gmt":"2023-02-02T15:55:02","slug":"kinofestivali-pasaules-atzitakie-kino-festivali-un-filmas","status":"publish","type":"page","link":"https:\/\/kulturasindustrija.lv\/blogs\/kinofestivali-pasaules-atzitakie-kino-festivali-un-filmas\/","title":{"rendered":"Kinofestiv\u0101li"},"content":{"rendered":"<div class=\"kultu-into-content-1\" id=\"kultu-3688712826\"><div style=\"margin-top: 10px;margin-right: -30px;margin-bottom: 10px;margin-left: 20px;float: right;width: 120px;height: 240px;\" id=\"kultu-3368709489\"><script async src=\"\/\/pagead2.googlesyndication.com\/pagead\/js\/adsbygoogle.js?client=ca-pub-6504811688609745\" crossorigin=\"anonymous\"><\/script><ins class=\"adsbygoogle\" style=\"display:inline-block;width:120px;height:240px;\" \ndata-ad-client=\"ca-pub-6504811688609745\" \ndata-ad-slot=\"5551060195\"><\/ins> \n<script> \n(adsbygoogle = window.adsbygoogle || []).push({}); \n<\/script>\n<\/div><\/div><p><b>* popul\u0101r\u0101kie kinofestiv\u0101li pasaul\u0113, un kur internet\u0101 skat\u012bties godalgot\u0101s m\u0101kslas filmas<\/b><br \/>\n<span>&nbsp;<\/span><br \/>\n<strong>Izzi\u0146ai:<\/strong> v\u0113sturiski atskatoties, pirmais kinofestiv\u0101ls notika 1932. gad\u0101 It\u0101lijas pils\u0113t\u0101 Ven\u0113cij\u0101. Ar m\u0113r\u0137i noskaidrot lab\u0101k\u0101s filmas da\u017e\u0101d\u0101s to nomin\u0101cij\u0101s kinofestiv\u0101lu laik\u0101 notiek vair\u0101ku filmu kino par\u0101de, kur t\u0101s tiek demonstr\u0113tas vien\u0101 vai vair\u0101kos kinote\u0101tros vienlaic\u012bgi. Ikgad\u0113jais Kannu kinofestiv\u0101ls ir viens no atpaz\u012bstam\u0101kajiem &#8211; tas ik gadu tradicion\u0101li norit Francijas pils\u0113t\u0101 Kann\u0101s, parasti maija m\u0113nes\u012b. Ne maz\u0101k slaveni ir ar\u012b citi kinofestiv\u0101li, kas ik gadu pulc\u0113 kinom\u0101kslas kriti\u0137us un kino kult\u016bras cien\u012bt\u0101jus Ven\u0113cij\u0101, Berl\u012bn\u0113, Karlovi Vari, Toronto un citur. Reizi divos gados tiek organiz\u0113ts ar\u012b Latvijas nacion\u0101lais kinofestiv\u0101ls &#8220;Lielais Kristaps&#8221;.<br \/>\nInfo avots: <a title=\"Kino industrija, balvas, filmu uz\u0146em\u0161ana un kinofestiv\u0101li\" href=\"https:\/\/lv.wikipedia.org\/wiki\/Kinofilma\" target=\"_blank\" rel=\"noopener noreferrer\">Wiki<\/a><\/p>\n<p><b>10 popul\u0101r\u0101kie filmu festiv\u0101li pasaul\u0113, sak\u0101rtoti alfab\u0113ta sec\u012bb\u0101:<\/b><br \/>\n<span>&nbsp;<\/span><br \/>\n<b>1. Berl\u012bnes Starptautiskais filmu festiv\u0101ls ( Berlinale )<\/b> &#8211; katru gadu notiek Berl\u012bn\u0113, V\u0101cij\u0101, un \u0161aj\u0101 festiv\u0101l\u0101 tiek demonstr\u0113tas jaun\u0101k\u0101s starptautisk\u0101s un Eiropas filmas, koncentr\u0113joties uz neatkar\u012bg\u0101m un m\u0101ksliniecisk\u0101m film\u0101m.<\/p><div class=\"kultu-in-content-2-1\" id=\"kultu-4006510605\"><div style=\"margin-top: 20px;margin-right: auto;margin-bottom: 20px;margin-left: auto;text-align: center;\" id=\"kultu-373582161\"><div style=\"margin-left:-10px; background-color: white;\">\n<p><center><\/p>\n<div align=\"center\">\n<script async src=\"https:\/\/pagead2.googlesyndication.com\/pagead\/js\/adsbygoogle.js\"><\/script><br \/>\n<!-- pbad --><br \/>\n<ins class=\"adsbygoogle\"\n     style=\"display:block\"\n     data-ad-client=\"ca-pub-6504811688609745\"\n     data-ad-slot=\"8248313425\"\n     data-matched-content-ui-type=\"image_card_stacked\"\n     data-matched-content-rows-num=\"1\"\n     data-matched-content-columns-num=\"3\"\n     data-ad-format=\"autorelaxed\"><\/ins><br \/>\n<script>\n(adsbygoogle = window.adsbygoogle || []).push({});\n\t\t<\/script><\/p>\n<\/div>\n<p><\/center><\/div>\n<p><\/p>\n<\/div><\/div>\n<p><b>2. Kannu kinofestiv\u0101ls ( fr.: Festival de Cannes * angliski: Cannes Film Festival )<\/b> &#8211; ik gadu notiek Kann\u0101s, Francij\u0101. \u0160is festiv\u0101ls ir viens no presti\u017e\u0101kajiem kino notikumiem pasaul\u0113, kas piesaista liel\u0101k\u0101s Holivudas studijas un starptautiska m\u0113roga filmu projektus.<\/p>\n<p><b>3. Ven\u0113cijas filmu festiv\u0101ls ( La Biennale di Venezia )<\/b> &#8211; katru gadu notiek Ven\u0113cij\u0101, It\u0101lij\u0101. \u0160is festiv\u0101ls ir vec\u0101kais filmu festiv\u0101ls pasaul\u0113, un taj\u0101 konkursa k\u0101rt\u012bb\u0101 tiek prezent\u0113tas starptautisk\u0101s filmas, k\u0101 ar\u012b notiek \u0101rpuskonkursa un papildu pas\u0101kumi.<\/p>\n<p><b>4. Sandensas filmu festiv\u0101ls ( angliski: Sundance Film Festival )<\/b> &#8211; katru gadu notiek P\u0101rksitij\u0101, J\u016btas \u0161tat\u0101, ASV. Tas ir liel\u0101kais neatkar\u012bg\u0101 kino festiv\u0101ls ASV. \u0160is festiv\u0101ls ir velt\u012bts neatkar\u012bgajiem kino un topo\u0161ajiem filmu veidot\u0101jiem, piesaistot pla\u0161u filmu entuziastu un nozares profesion\u0101\u013cu loku.<\/p>\n<p><b>5. Toronto Starptautiskais filmu festiv\u0101ls ( TIFF )<\/b> &#8211; katru gadu notiek Toronto, Kan\u0101d\u0101, un ar\u012b \u0161is festiv\u0101ls ir viens no liel\u0101kajiem filmu notikumiem kino pasaul\u0113, prezent\u0113jot daudzveid\u012bgas filmas no visas pasaules.<\/p>\n<p><b>6. Sansebastjanas Starptautiskais filmu festiv\u0101ls ( San Sebastian Film Festival )<\/b> &#8211; notiek ik gadu San Sebasti\u00e1n\u0101, Sp\u0101nij\u0101, \u0161is festiv\u0101ls konkursa k\u0101rt\u012bb\u0101 prezent\u0113 starptautisk\u0101s filmas, piesaistot pla\u0161u re\u017eisoru un kinofilmu nozares profesion\u0101\u013cu loku.<\/p>\n<p><b>7. Roterdamas Starptautiskais filmu festiv\u0101ls ( IFFR )<\/b> &#8211; tas notiek katru gadu Roterdam\u0101, N\u012bderland\u0113. \u0160aj\u0101 festiv\u0101l\u0101 tiek demonstr\u0113tas novatoriskas un progres\u012bvas filmas, un taj\u0101 liela uzman\u012bba tiek piev\u0113rsta starptautisk\u0101m un neatkar\u012bg\u0101m film\u0101m.<\/p>\n<p><b>8. Lokarno Starptautiskais filmu festiv\u0101ls (angliski: Locarno Film Festival)<\/b>&#8211; katru gadu notiek Lokarno, \u0160veic\u0113, un \u0161aj\u0101 festiv\u0101l\u0101 tiek demonstr\u0113tas neatkar\u012bgas filmas, koncentr\u0113joties uz topo\u0161ajiem filmu veidot\u0101jiem un jaun\u0101m tendenc\u0113m pasaules kino.<\/p>\n<p><b>9. \u0145ujorkas filmu festiv\u0101ls (angliski: New York Film Festival )<\/b> &#8211; ik gadu notiek \u0145ujork\u0101, ASV. \u0160is festiv\u0101ls ir viens no presti\u017e\u0101kajiem kino notikumiem pasaul\u0113, kur demonstr\u0113 r\u016bp\u012bgi atlas\u012btu starptautisku filmu izlasi.<\/p>\n<p><b>10. Karlovi Vari Starptautiskais filmu festiv\u0101ls ( International Film Festival Karlovy Vary * KVIFF )<\/b> &#8211; tas notiek katru gadu Karlovi Varos, \u010cehijas Republik\u0101. \u0160aj\u0101 festiv\u0101l\u0101 tiek demonstr\u0113tas starptautiskas un Eiropas filmas, koncentr\u0113joties uz neatkar\u012bgaj\u0101m un Art House jeb ar m\u0101kslinieciskiem izteiksmes l\u012bdzek\u013ciem bag\u0101t\u0101m film\u0101m.<\/p>\n<p><b>Katram festiv\u0101lam ir savs unik\u0101ls fokuss un atmosf\u0113ra, t\u0101p\u0113c katrs no tiem ir peln\u012bjis kino un filmu industrijas p\u0101rst\u0101vju (k\u0101 ar\u012b interesentu) uzman\u012bbu.<\/b><br \/>\n<center><script async=\"\" src=\"https:\/\/pagead2.googlesyndication.com\/pagead\/js\/adsbygoogle.js?client=ca-pub-6504811688609745\" crossorigin=\"anonymous\"><\/script><br \/>\n<ins class=\"adsbygoogle\" style=\"display:block; text-align:center;\" data-ad-layout=\"in-article\" data-ad-format=\"fluid\" data-ad-client=\"ca-pub-6504811688609745\" data-ad-slot=\"9429511340\"><\/ins><br \/>\n<script><br \/>\n     (adsbygoogle = window.adsbygoogle || []).push({});<br \/>\n<\/script><\/center><\/p>\n<h2>Kas parasti piedal\u0101s popul\u0101r\u0101kajos pasaules kinofestiv\u0101los<\/h2>\n<p><b>Popul\u0101r\u0101kajos kinofestiv\u0101los pasaul\u0113 parasti piedal\u0101s da\u017e\u0101di kino industrijas p\u0101rst\u0101vji, tostarp:<\/b><br \/>\n<b>Re\u017eisori<\/b> &#8211; tie ir cilv\u0113ki, kas veido filmas, un kinofestiv\u0101los vi\u0146i parasti piedal\u0101s, lai prezent\u0113tu savas jaun\u0101k\u0101s filmas un tiktos ar cit\u0101m filmu nozares person\u012bb\u0101m.<br \/>\n<b>Aktieri<\/b> &#8211; aktieri parasti piedal\u0101s kinofestiv\u0101los, lai atbalst\u012btu savas filmas un tiktos ar saviem faniem un cit\u0101m filmu nozares person\u012bb\u0101m.<br \/>\n<b>Producenti<\/b> &#8211; producenti ir cilv\u0113ki, kas atbild par filmu finans\u0113\u0161anu un ra\u017eo\u0161anu, un kinofestiv\u0101los vi\u0146i parasti piedal\u0101s, lai mekl\u0113tu jaunas idejas un iesp\u0113jas saviem n\u0101kamajiem projektiem.<br \/>\n<b>Kriti\u0137i un \u017eurn\u0101listi<\/b> &#8211; \u017eurn\u0101listi un kriti\u0137i parasti piedal\u0101s kinofestiv\u0101los, lai v\u0113rt\u0113tu un aprakst\u012btu filmas, k\u0101 ar\u012b lai tiktos ar filmu nozares profesion\u0101\u013ciem un prezent\u0113tu savu viedokli par jaun\u0101kajiem filmu tendenc\u0113m.<br \/>\n<b>Filmu studiju p\u0101rst\u0101vji<\/b> &#8211; kinofestiv\u0101los bie\u017ei piedal\u0101s ar\u012b filmu studiju p\u0101rst\u0101vji, kuri mekl\u0113 jaunas filmas un re\u017eisorus, kuros var\u0113tu rad\u012bt interesi sadarboties ar filmu studij\u0101m.<\/p>\n<p>Kinofestiv\u0101los m\u0113dz piedal\u012bties ar\u012b citi kino nozares profesion\u0101\u013ci &#8211; piem\u0113ram, scen\u0101risti, mont\u0113t\u0101ji un v\u0113l citi, un tie tiek uzaicin\u0101ti, lai rad\u012btu platformu, kur kino industrijas p\u0101rst\u0101vji var tikties, dal\u012bties pieredz\u0113 un ieg\u016bt jaunu redz\u0113jumu par kino nozari.<br \/>\n<center><script async=\"\" src=\"https:\/\/pagead2.googlesyndication.com\/pagead\/js\/adsbygoogle.js\"><\/script><br \/>\n<!-- pbad --><br \/>\n<ins class=\"adsbygoogle\" style=\"display:block\" data-ad-client=\"ca-pub-6504811688609745\" data-ad-slot=\"8248313425\" data-matched-content-ui-type=\"image_card_sidebyside\" data-matched-content-rows-num=\"2\" data-matched-content-columns-num=\"2\" data-ad-format=\"autorelaxed\"><\/ins><br \/>\n<script><br \/>\n(adsbygoogle = window.adsbygoogle || []).push({});<br \/>\n<\/script><\/center><\/p>\n<h2>\u24d8 Kur internet\u0101 skat\u012bties godalgot\u0101s m\u0101kslas filmas izcil\u0101 kvalit\u0101t\u0113<\/h2>\n<p><b>Kur internet\u0101 skat\u012bties kinofestiv\u0101los godalgotas m\u0101kslas filmas izcil\u0101 kvalit\u0101t\u0113? K\u0101di ir 10. popul\u0101r\u0101kie port\u0101li ar premium klases film\u0101m, to pied\u0101v\u0101jumu noskat\u012bties kriti\u0137u atzin\u012bbu ieguvu\u0161\u0101s, godalgot\u0101s filmas?<\/b><\/p>\n<p><b>Criterion Channel<\/b> &#8211; Premium video straum\u0113\u0161anas platforma ar pla\u0161u godalgoto m\u0101kslas filmu un dokument\u0101lo filmu kl\u0101stu.<br \/>\n<b>FilmStruck<\/b> &#8211; Bijus\u012b video straum\u0113\u0161anas platforma ar godalgot\u0101m m\u0101kslas film\u0101m, kas tagad ir apvienota ar Criterion Channel.<br \/>\n<b>Mubi<\/b> &#8211; Premium video straum\u0113\u0161anas platforma ar izv\u0113l\u0113tu, godalgotu m\u0101kslas filmu un klasiku kl\u0101stu.<br \/>\n<b>Kanopy<\/b> &#8211; Platforma, kuru p\u0101rvalda bibliot\u0113kas, ar pla\u0161u godalgoto m\u0101kslas filmu un dokument\u0101lo filmu kl\u0101stu.<br \/>\n<b>HBO Max<\/b> &#8211; Premium video straum\u0113\u0161anas platforma ar godalgot\u0101m film\u0101m un TV \u0161oviem, tostarp ar\u012b m\u0101kslas film\u0101m.<br \/>\n<b>Amazon Prime Video<\/b> &#8211; Premium video straum\u0113\u0161anas platforma ar godalgot\u0101m film\u0101m un TV \u0161oviem, tostarp ar\u012b m\u0101kslas film\u0101m.<br \/>\n<b>Netflix<\/b> &#8211; Premium video straum\u0113\u0161anas platforma ar pla\u0161u filmu un TV \u0161ovu kl\u0101stu, tostarp ar\u012b godalgot\u0101m m\u0101kslas film\u0101m.<br \/>\n<b>Disney+<\/b> &#8211; Premium video straum\u0113\u0161anas platforma ar godalgot\u0101m anim\u0101cijas film\u0101m un film\u0101m no Disney un Marvel studij\u0101m.<br \/>\n<b>Apple TV+<\/b> &#8211; Premium video straum\u0113\u0161anas platforma ar ori\u0123in\u0101lu saturu, tostarp ar\u012b godalgot\u0101m film\u0101m.<br \/>\n<b>Hulu<\/b> &#8211; Premium video straum\u0113\u0161anas platforma ar godalgot\u0101m film\u0101m un TV \u0161oviem.<\/p>\n<p>Lai gan \u0161ie port\u0101li pied\u0101v\u0101 godalgotas m\u0101kslas filmas, to kl\u0101sts var main\u012bties atkar\u012bb\u0101 no valsts un re\u0123iona, t\u0101p\u0113c ir ieteicams p\u0101rbaud\u012bt katras platformas pieejamo saturu.<\/p>\n<div class=\"kultu-after-content\" id=\"kultu-1684583227\"><div style=\"margin-top: 10px;margin-right: auto;margin-bottom: 20px;margin-left: auto;text-align: center;clear: both;\" id=\"kultu-2932720965\"><div style=\"margin-left:-10px; background-color: #d4d7db;\"><center><\/p>\n<div align=\"center\">\n<script async src=\"https:\/\/pagead2.googlesyndication.com\/pagead\/js\/adsbygoogle.js\"><\/script><br \/>\n<ins class=\"adsbygoogle\"\n     style=\"display:block; text-align:center;\"\n     data-ad-layout=\"in-article\"\n     data-ad-format=\"fluid\"\n     data-ad-client=\"ca-pub-6504811688609745\"\n     data-ad-slot=\"9862696972\"><\/ins><br \/>\n<script>\n     (adsbygoogle = window.adsbygoogle || []).push({});\n<\/script><\/p>\n<\/div>\n<p><\/center><\/div>\n<p><\/p>\n<\/div><br style=\"clear: both; display: block; float: none;\"\/><\/div><div class=\"kultu-after-content-1\" id=\"kultu-2231403250\"><br \/>\n<h2><span style=\"font-size: 13.5px;\"><strong>Kino m\u0101kslas un kult\u016bras arheolo\u0123ija &#8216;2025<\/strong><\/span><\/h2>\n<div style=\"margin-left: -15px;text-align:right;\">\n<table>\n<tbody>\n<tr>\n<td>\n<h3>KINOTE\u0100TRIS ONLINE pied\u0101v\u0101 le\u0123end\u0101ras filmas<\/h3>\n<p style=\"text-align:left;\">Le\u0123end\u0101ras filmas internet\u0101 &#8211; skat\u012bties PSRS (Padomju) laik\u0101 rad\u012bt\u0101s Mosfi\u013cm m\u0101kslas filmas krievu valod\u0101 un ar subtitriem, leg\u0101li un ori\u0123in\u0101l\u0101 kvalit\u0101t\u0113 online kinote\u0101tr\u012b bez maksas: <a title=\"Kinote\u0101tris online - skat\u012bties internet\u0101 bez maksas le\u0123end\u0101ras Mosfi\u013cm padomju laiku m\u0101kslas filmas leg\u0101li\" rel=\"nofollow noopener noreferrer\" href=\"https:\/\/kulturasindustrija.lv\/filmas\/bezmaksas-pluss-abonements\/#gsc.tab=0&#038;gsc.q=Mosfi%C4%BCm%20filmas\" onclick=\"window.open('https:\/\/megogo.net\/lv\/collection\/mosfilm\/','_blank', 'toolbar=yes,scrollbars=yes,resizable=yes,top=50,left=50,width=1050,height=690');\nreturn true;\"><span style=\"color:green;font-weight:bold\">dv\u0113seliskais padomju kino drudzis \u00bb<\/span><\/a><\/p>\n<p><strong> <\/strong><\/p>\n<p><a title=\"Kinote\u0101tris online - skat\u012bties internet\u0101 bez maksas le\u0123end\u0101ras Mosfi\u013cm padomju laiku m\u0101kslas filmas\" rel=\"nofollow\" href=\"https:\/\/kulturasindustrija.lv\/filmas\/bezmaksas-pluss-abonements\/#gsc.tab=0&#038;gsc.q=Mosfi%C4%BCm%20filmas\" onclick=\"window.open('https:\/\/megogo.net\/lv\/collection\/mosfilm\/','_blank', 'toolbar=yes,scrollbars=yes,resizable=yes,top=50,left=50,width=1050,height=690');\nreturn true;\"><img decoding=\"async\" class=\"center\" \n height=\"85\" alt=\"Kinote\u0101tris online - skat\u012bties internet\u0101 bez maksas le\u0123end\u0101ras Mosfi\u013cm padomju laiku m\u0101kslas filmas leg\u0101li\" title=\"Kinote\u0101tris online - skat\u012bties internet\u0101 leg\u0101li bez maksas le\u0123end\u0101ras Mosfi\u013cm padomju laiku m\u0101kslas filmas\" src=\"https:\/\/kulturasindustrija.lv\/blogs\/wp-content\/uploads\/2016\/07\/poga-mosfilm.png\"\/><\/a><\/p>\n<p><strong> <\/strong><\/p>\n<p style=\"text-align:right;\">Mosfi\u013cm &#8211; t\u0101 ir viena no vec\u0101kaj\u0101m un liel\u0101kaj\u0101m kinostudij\u0101m biju\u0161aj\u0101 Padomju Savien\u012bb\u0101. Mosfi\u013cm kinostudija savas 90 gadu past\u0101v\u0113\u0161anas laik\u0101 ir produc\u0113jusi vair\u0101k k\u0101 2500 pilnmetr\u0101\u017eas filmas. \u0160obr\u012bd kinostudija Mosfi\u013cm ir ieguvusi kinokoncerna statusu, kas sp\u0113j produc\u0113t vair\u0101k k\u0101 simts filmas gad\u0101. Kinostudij\u0101 Mosfi\u013cm tiek film\u0113tas ikviena \u017eanra filmas. Liel\u0101kais vair\u0101kums Krievijas filmas, seri\u0101li u.c. kinoprodukcija tiek rad\u012bta tie\u0161i Mosfi\u013cm pasp\u0101rn\u0113<\/p>\n<p><strong> <\/strong><\/p>\n<p style=\"text-align:left;\"><img loading=\"lazy\" decoding=\"async\" class=\"alignleft size-full wp-image-11553\" style=\"margin-left: 10px;\" src=\"https:\/\/kulturasindustrija.lv\/blogs\/wp-content\/uploads\/2013\/07\/info_icon-poga.png\" alt=\"Filmas online un kult\u016bra * kino m\u0101ksla k\u0101 uz delnas\" width=\"55\" height=\"55\" srcset=\"https:\/\/kulturasindustrija.lv\/blogs\/wp-content\/uploads\/2013\/07\/info_icon-poga.png 160w, https:\/\/kulturasindustrija.lv\/blogs\/wp-content\/uploads\/2013\/07\/info_icon-poga-150x150.png 150w\" sizes=\"auto, (max-width: 55px) 100vw, 55px\" \/>Kinostudij\u0101 Mosfi\u013cm rad\u012bt\u0101s m\u0101kslas filmas daudzas iek\u013cautas ne tikai PSRS vai Krievijas, bet ar\u012b pasaules kino zelta fond\u0101.<\/p>\n<p><strong> <\/strong><br \/>\n<script async src=\"\/\/pagead2.googlesyndication.com\/pagead\/js\/adsbygoogle.js\"><\/script><br \/>\n<!-- Kulturasin-3 --><br \/>\n<ins class=\"adsbygoogle\"\n     style=\"display:inline-block;width:320px;height:100px\"\n     data-ad-client=\"ca-pub-6504811688609745\"\n     data-ad-slot=\"5782034990\"><\/ins><br \/>\n<script>\n(adsbygoogle = window.adsbygoogle || []).push({});\n<\/script>\n<\/td>\n<td width=\"30\"><\/td>\n<td width=\"330\">\n<div style=\"background-color: #d4d7db;\">\n<p><center>TAS VAR\u0112TU TEVI INTERES\u0112T<script async src=\"\/\/pagead2.googlesyndication.com\/pagead\/js\/adsbygoogle.js\"><\/script><br \/>\n<!-- kulturasin 300x600 --><br \/>\n<ins class=\"adsbygoogle\" style=\"display: inline-block; width: 300px; height: 600px;\" data-ad-client=\"ca-pub-6504811688609745\" data-ad-slot=\"3596964590\"><\/ins><br \/>\n<script>\n(adsbygoogle = window.adsbygoogle || []).push({});\n<\/script><\/center><\/p>\n<\/div>\n<\/td>\n<\/tr>\n<\/tbody>\n<\/table>\n<\/div>\n<\/div>","protected":false},"excerpt":{"rendered":"<p>* popul\u0101r\u0101kie kinofestiv\u0101li pasaul\u0113, un kur internet\u0101 skat\u012bties godalgot\u0101s m\u0101kslas filmas &nbsp; Izzi\u0146ai: v\u0113sturiski atskatoties, pirmais kinofestiv\u0101ls notika 1932. gad\u0101 It\u0101lijas pils\u0113t\u0101 Ven\u0113cij\u0101. Ar m\u0113r\u0137i noskaidrot lab\u0101k\u0101s filmas da\u017e\u0101d\u0101s to nomin\u0101cij\u0101s kinofestiv\u0101lu laik\u0101 notiek vair\u0101ku filmu kino par\u0101de, kur t\u0101s tiek demonstr\u0113tas vien\u0101 vai vair\u0101kos kinote\u0101tros vienlaic\u012bgi. Ikgad\u0113jais Kannu kinofestiv\u0101ls ir viens no atpaz\u012bstam\u0101kajiem &#8211; [&hellip;]<\/p>\n","protected":false},"author":1,"featured_media":6836,"parent":0,"menu_order":0,"comment_status":"closed","ping_status":"closed","template":"","meta":{"footnotes":""},"class_list":["post-3095616","page","type-page","status-publish","has-post-thumbnail","hentry"],"aioseo_notices":[],"_links":{"self":[{"href":"https:\/\/kulturasindustrija.lv\/blogs\/wp-json\/wp\/v2\/pages\/3095616","targetHints":{"allow":["GET"]}}],"collection":[{"href":"https:\/\/kulturasindustrija.lv\/blogs\/wp-json\/wp\/v2\/pages"}],"about":[{"href":"https:\/\/kulturasindustrija.lv\/blogs\/wp-json\/wp\/v2\/types\/page"}],"author":[{"embeddable":true,"href":"https:\/\/kulturasindustrija.lv\/blogs\/wp-json\/wp\/v2\/users\/1"}],"replies":[{"embeddable":true,"href":"https:\/\/kulturasindustrija.lv\/blogs\/wp-json\/wp\/v2\/comments?post=3095616"}],"version-history":[{"count":0,"href":"https:\/\/kulturasindustrija.lv\/blogs\/wp-json\/wp\/v2\/pages\/3095616\/revisions"}],"wp:featuredmedia":[{"embeddable":true,"href":"https:\/\/kulturasindustrija.lv\/blogs\/wp-json\/wp\/v2\/media\/6836"}],"wp:attachment":[{"href":"https:\/\/kulturasindustrija.lv\/blogs\/wp-json\/wp\/v2\/media?parent=3095616"}],"curies":[{"name":"wp","href":"https:\/\/api.w.org\/{rel}","templated":true}]}}